{"id":19082,"date":"2025-06-28T21:03:54","date_gmt":"2025-06-28T21:03:54","guid":{"rendered":"https:\/\/cursodeele.com\/?page_id=19082"},"modified":"2025-06-28T21:06:15","modified_gmt":"2025-06-28T21:06:15","slug":"reading-zone-2","status":"publish","type":"page","link":"https:\/\/cursodeele.com\/index.php\/reading-zone-2\/","title":{"rendered":"READING ZONE"},"content":{"rendered":"\t\t<div data-elementor-type=\"wp-page\" data-elementor-id=\"19082\" class=\"elementor elementor-19082\">\n\t\t\t\t<div class=\"elementor-element elementor-element-6301da3 e-flex e-con-boxed e-con e-parent\" data-id=\"6301da3\" data-element_type=\"container\">\n\t\t\t\t\t<div class=\"e-con-inner\">\n\t\t\t\t<div class=\"elementor-element elementor-element-330a0a7 elementor-widget thim-widget-portfolio\" data-id=\"330a0a7\" data-element_type=\"widget\" data-widget_type=\"thim-portfolio.default\">\n\t\t\t\t<div class=\"elementor-widget-container\">\n\t\t\t\t\t\t<div\n\t\tclass=\"wapper_portfolio style01 masonry all\">\n\t\t\t\t\t<div class=\"portfolio-tabs-wapper filters\" >\n\t\t\t\t<ul class=\"portfolio-tabs\">\n\t\t\t\t\t\t\t\t\t\t\t<li><a href class=\"filter active\"\n\t\t\t\t\t\t\t   data-filter=\"*\">All<\/a>\n\t\t\t\t\t\t<\/li>\n\t\t\t\t\t\t\t\t\t\t\t\t\t\t\t\t\t\t\t\t\t<li>\n\t\t\t\t\t\t\t\t\t<a class=\"filter\" href\n\t\t\t\t\t\t\t\t\t   data-filter=\".c1\">C1<\/a>\n\t\t\t\t\t\t\t\t<\/li>\n\t\t\t\t\t\t\t\t\t\t\t\t\t\t\t<li>\n\t\t\t\t\t\t\t\t\t<a class=\"filter\" href\n\t\t\t\t\t\t\t\t\t   data-filter=\".b1\">B1<\/a>\n\t\t\t\t\t\t\t\t<\/li>\n\t\t\t\t\t\t\t\t\t\t\t\t\t\t\t<li>\n\t\t\t\t\t\t\t\t\t<a class=\"filter\" href\n\t\t\t\t\t\t\t\t\t   data-filter=\".a1\">A1<\/a>\n\t\t\t\t\t\t\t\t<\/li>\n\t\t\t\t\t\t\t\t\t\t\t\t\t\t\t\t\t<\/ul>\n\t\t\t<\/div>\n\t\t\n\t\t<div class=\"portfolio_column\">\n\t\t\t<ul class=\"content_portfolio style01\">\n\t\t\t\t<li data-color=\"\" class=\"element-item  item_portfolio  three-col\" ><div class=\"portfolio-image\"><div class=\"img-portfolio\"><a href=\"https:\/\/cursodeele.com\/index.php\/portfolio\/emotions\/\" title=\"Emotions\"><img decoding=\"async\" src=\"https:\/\/cursodeele.com\/wp-content\/uploads\/2025\/06\/HAPPY-600x600.jpg\" alt= Emotions title = Emotions \/><\/a><\/div><div class=\"portfolio-hover\" ><div class=\"thumb-bg\"><div class=\"mask-content\"><h3><a href=\"https:\/\/cursodeele.com\/index.php\/portfolio\/emotions\/\" title=\"Emotions\" >Emotions<\/a><\/h3><a href=\"https:\/\/cursodeele.com\/index.php\/portfolio\/emotions\/\" title=\"Emotions\" class=\"btn_zoom \" >View More<\/a><\/div><\/div><\/div><\/div><\/li>\n\t\t\t\t<li data-color=\"#81d742\" class=\"element-item c1  item_portfolio  three-col\" style=\"background-color:#81d742;\"><div class=\"portfolio-image\"><div class=\"img-portfolio\"><a href=\"https:\/\/cursodeele.com\/index.php\/portfolio\/el-viajero-invisible\/\" title=\"El viajero invisible\"><img decoding=\"async\" src=\"https:\/\/cursodeele.com\/wp-content\/uploads\/2025\/06\/Dario.png\" alt= El viajero invisible title = El viajero invisible \/><\/a><\/div><div class=\"portfolio-hover\" style=\"background-color:#81d742;\"><div class=\"thumb-bg\"><div class=\"mask-content\"><h3><a href=\"https:\/\/cursodeele.com\/index.php\/portfolio\/el-viajero-invisible\/\" title=\"El viajero invisible\" >El viajero invisible<\/a><\/h3><div class=\"cat_portfolio\"><a href=\"https:\/\/cursodeele.com\/index.php\/portfolio_category\/c1\/\">C1<\/a><\/div><a href=\"https:\/\/cursodeele.com\/index.php\/portfolio\/el-viajero-invisible\/\" title=\"El viajero invisible\" class=\"btn_zoom \" >View More<\/a><\/div><\/div><\/div><\/div><\/li>\n\t\t\t\t<li data-color=\"#dd9933\" class=\"element-item b1  item_portfolio  three-col\" style=\"background-color:#dd9933;\"><div class=\"portfolio-image\"><div class=\"img-portfolio\"><a href=\"https:\/\/cursodeele.com\/index.php\/portfolio\/una-decision-importante\/\" title=\"Una decisi\u00f3n importante\"><img decoding=\"async\" src=\"https:\/\/cursodeele.com\/wp-content\/uploads\/2025\/06\/Sofia.png\" alt= Una decisi\u00f3n importante title = Una decisi\u00f3n importante \/><\/a><\/div><div class=\"portfolio-hover\" style=\"background-color:#dd9933;\"><div class=\"thumb-bg\"><div class=\"mask-content\"><h3><a href=\"https:\/\/cursodeele.com\/index.php\/portfolio\/una-decision-importante\/\" title=\"Una decisi\u00f3n importante\" >Una decisi\u00f3n importante<\/a><\/h3><div class=\"cat_portfolio\"><a href=\"https:\/\/cursodeele.com\/index.php\/portfolio_category\/b1\/\">B1<\/a><\/div><a href=\"https:\/\/cursodeele.com\/index.php\/portfolio\/una-decision-importante\/\" title=\"Una decisi\u00f3n importante\" class=\"btn_zoom \" >View More<\/a><\/div><\/div><\/div><\/div><\/li>\n\t\t\t\t<li data-color=\"#dd9933\" class=\"element-item b1  item_portfolio  three-col\" style=\"background-color:#dd9933;\"><div class=\"portfolio-image\"><div class=\"img-portfolio\"><a href=\"https:\/\/cursodeele.com\/index.php\/portfolio\/19069\/\" title=\"Una carta a mi abuela\"><img decoding=\"async\" src=\"https:\/\/cursodeele.com\/wp-content\/uploads\/2025\/06\/abuela-jugando.png\" alt= Una carta a mi abuela title = Una carta a mi abuela \/><\/a><\/div><div class=\"portfolio-hover\" style=\"background-color:#dd9933;\"><div class=\"thumb-bg\"><div class=\"mask-content\"><h3><a href=\"https:\/\/cursodeele.com\/index.php\/portfolio\/19069\/\" title=\"Una carta a mi abuela\" >Una carta a mi abuela<\/a><\/h3><div class=\"cat_portfolio\"><a href=\"https:\/\/cursodeele.com\/index.php\/portfolio_category\/b1\/\">B1<\/a><\/div><a href=\"https:\/\/cursodeele.com\/index.php\/portfolio\/19069\/\" title=\"Una carta a mi abuela\" class=\"btn_zoom \" >View More<\/a><\/div><\/div><\/div><\/div><\/li>\n\t\t\t\t<li data-color=\"#dd3333\" class=\"element-item a1  item_portfolio  three-col\" style=\"background-color:#dd3333;\"><div class=\"portfolio-image\"><div class=\"img-portfolio\"><a href=\"https:\/\/cursodeele.com\/index.php\/portfolio\/en-el-mercado\/\" title=\"En el mercado\"><img decoding=\"async\" src=\"https:\/\/cursodeele.com\/wp-content\/uploads\/2025\/06\/Mercado.png\" alt= En el mercado title = En el mercado \/><\/a><\/div><div class=\"portfolio-hover\" style=\"background-color:#dd3333;\"><div class=\"thumb-bg\"><div class=\"mask-content\"><h3><a href=\"https:\/\/cursodeele.com\/index.php\/portfolio\/en-el-mercado\/\" title=\"En el mercado\" >En el mercado<\/a><\/h3><div class=\"cat_portfolio\"><a href=\"https:\/\/cursodeele.com\/index.php\/portfolio_category\/a1\/\">A1<\/a><\/div><a href=\"https:\/\/cursodeele.com\/index.php\/portfolio\/en-el-mercado\/\" title=\"En el mercado\" class=\"btn_zoom \" >View More<\/a><\/div><\/div><\/div><\/div><\/li>\n\t\t\t\t<li data-color=\"#dd3333\" class=\"element-item a1  item_portfolio  three-col\" style=\"background-color:#dd3333;\"><div class=\"portfolio-image\"><div class=\"img-portfolio\"><a href=\"https:\/\/cursodeele.com\/index.php\/portfolio\/prueba\/\" title=\"Un d\u00eda en la vida de Ana\"><img decoding=\"async\" src=\"https:\/\/cursodeele.com\/wp-content\/uploads\/2025\/06\/Ana.png\" alt= Un d\u00eda en la vida de Ana title = Un d\u00eda en la vida de Ana \/><\/a><\/div><div class=\"portfolio-hover\" style=\"background-color:#dd3333;\"><div class=\"thumb-bg\"><div class=\"mask-content\"><h3><a href=\"https:\/\/cursodeele.com\/index.php\/portfolio\/prueba\/\" title=\"Un d\u00eda en la vida de Ana\" >Un d\u00eda en la vida de Ana<\/a><\/h3><div class=\"cat_portfolio\"><a href=\"https:\/\/cursodeele.com\/index.php\/portfolio_category\/a1\/\">A1<\/a><\/div><a href=\"https:\/\/cursodeele.com\/index.php\/portfolio\/prueba\/\" title=\"Un d\u00eda en la vida de Ana\" class=\"btn_zoom \" >View More<\/a><\/div><\/div><\/div><\/div><\/li>\n\t\t\t\t\t\t\t<\/ul>\n\t\t\t\t\t<\/div>\n\t<\/div>\n\t<!-- .wapper portfolio -->\n\t\t\t\t<\/div>\n\t\t\t\t<\/div>\n\t\t\t\t\t<\/div>\n\t\t\t\t<\/div>\n\t\t\t\t<\/div>\n\t\t","protected":false},"excerpt":{"rendered":"<p>Todos C1 B1 A1 El viajero invisible C1Ver m\u00e1s Una decisi\u00f3n importante B1Ver m\u00e1s Una carta a mi abuela B1Ver m\u00e1s En el mercado A1Ver m\u00e1s Un d\u00eda en la vida de Ana A1Ver m\u00e1s<\/p>\n","protected":false},"author":1,"featured_media":0,"parent":0,"menu_order":0,"comment_status":"closed","ping_status":"closed","template":"","meta":{"footnotes":""},"class_list":["post-19082","page","type-page","status-publish","hentry"],"_links":{"self":[{"href":"https:\/\/cursodeele.com\/index.php\/wp-json\/wp\/v2\/pages\/19082","targetHints":{"allow":["GET"]}}],"collection":[{"href":"https:\/\/cursodeele.com\/index.php\/wp-json\/wp\/v2\/pages"}],"about":[{"href":"https:\/\/cursodeele.com\/index.php\/wp-json\/wp\/v2\/types\/page"}],"author":[{"embeddable":true,"href":"https:\/\/cursodeele.com\/index.php\/wp-json\/wp\/v2\/users\/1"}],"replies":[{"embeddable":true,"href":"https:\/\/cursodeele.com\/index.php\/wp-json\/wp\/v2\/comments?post=19082"}],"version-history":[{"count":5,"href":"https:\/\/cursodeele.com\/index.php\/wp-json\/wp\/v2\/pages\/19082\/revisions"}],"predecessor-version":[{"id":19092,"href":"https:\/\/cursodeele.com\/index.php\/wp-json\/wp\/v2\/pages\/19082\/revisions\/19092"}],"wp:attachment":[{"href":"https:\/\/cursodeele.com\/index.php\/wp-json\/wp\/v2\/media?parent=19082"}],"curies":[{"name":"wp","href":"https:\/\/api.w.org\/{rel}","templated":true}]}}